{"id":122,"date":"2016-10-17T13:56:05","date_gmt":"2016-10-17T13:56:05","guid":{"rendered":"http:\/\/www.demo.acmethemes.com\/education-base\/?page_id=49"},"modified":"2021-11-03T17:11:47","modified_gmt":"2021-11-03T17:11:47","slug":"elearning","status":"publish","type":"page","link":"https:\/\/iesbenitoperezgaldos.edu.mx\/web\/elearning\/","title":{"rendered":"Elearning BPG"},"content":{"rendered":"\n<p><strong>\u00bfPor qu\u00e9 estudiar una Licenciatura en L\u00ednea BPG?<\/strong><\/p>\n\n\n\n<ul><li>Porque el <strong>79%<\/strong> de nuestros <strong>egresados logra una mejora laboral<\/strong><\/li><li>BPG tiene <strong>3 a\u00f1os educando<\/strong> generaciones de profesionistas competitivos y con una visi\u00f3n internacional<\/li><li>Las Licenciaturas en L\u00ednea combinan <strong>tecnolog\u00eda de vanguardia<\/strong> y carreras con <strong>planes de estudio<\/strong> que responden a las <strong>demandas laborales<\/strong> actuales<\/li><li>Nuestros programas de estudio te permiten <strong>obtener un t\u00edtulo universitario<\/strong> desde donde est\u00e9s<\/li><li>Cada programa promueve el desarrollo de <strong>habilidades profesionales<\/strong> y suma a tu perfil las <strong>soft skills<\/strong> que buscan los empleadores<\/li><li>En cada Licenciatura en L\u00ednea BPG sumas a tu curr\u00edculum <strong>certificaciones profesionales<\/strong> que enriquecen tu perfil de egreso<\/li><li>Una Licenciatura en L\u00ednea BPG te da la <strong>flexibilidad <\/strong>que necesitas en esta etapa de tu vida<\/li><\/ul>\n","protected":false},"excerpt":{"rendered":"<p>Nuevo modelo educativo flexible y totalmente en l\u00ednea. Asegura la continuidad de una preparaci\u00f3n acad\u00e9mica de calidad, \u00a1est\u00e9s donde est\u00e9s!<\/p>\n","protected":false},"author":1,"featured_media":242,"parent":0,"menu_order":0,"comment_status":"closed","ping_status":"closed","template":"","meta":{"footnotes":""},"_links":{"self":[{"href":"https:\/\/iesbenitoperezgaldos.edu.mx\/web\/wp-json\/wp\/v2\/pages\/122"}],"collection":[{"href":"https:\/\/iesbenitoperezgaldos.edu.mx\/web\/wp-json\/wp\/v2\/pages"}],"about":[{"href":"https:\/\/iesbenitoperezgaldos.edu.mx\/web\/wp-json\/wp\/v2\/types\/page"}],"author":[{"embeddable":true,"href":"https:\/\/iesbenitoperezgaldos.edu.mx\/web\/wp-json\/wp\/v2\/users\/1"}],"replies":[{"embeddable":true,"href":"https:\/\/iesbenitoperezgaldos.edu.mx\/web\/wp-json\/wp\/v2\/comments?post=122"}],"version-history":[{"count":3,"href":"https:\/\/iesbenitoperezgaldos.edu.mx\/web\/wp-json\/wp\/v2\/pages\/122\/revisions"}],"predecessor-version":[{"id":243,"href":"https:\/\/iesbenitoperezgaldos.edu.mx\/web\/wp-json\/wp\/v2\/pages\/122\/revisions\/243"}],"wp:featuredmedia":[{"embeddable":true,"href":"https:\/\/iesbenitoperezgaldos.edu.mx\/web\/wp-json\/wp\/v2\/media\/242"}],"wp:attachment":[{"href":"https:\/\/iesbenitoperezgaldos.edu.mx\/web\/wp-json\/wp\/v2\/media?parent=122"}],"curies":[{"name":"wp","href":"https:\/\/api.w.org\/{rel}","templated":true}]}}