{"id":144,"date":"2016-10-17T13:35:34","date_gmt":"2016-10-17T13:35:34","guid":{"rendered":"http:\/\/www.demo.acmethemes.com\/education-base\/?page_id=27"},"modified":"2023-05-17T22:57:13","modified_gmt":"2023-05-17T22:57:13","slug":"director","status":"publish","type":"page","link":"https:\/\/iesbenitoperezgaldos.edu.mx\/web\/director\/","title":{"rendered":"Mensaje de nuestra Direcci\u00f3n"},"content":{"rendered":"<p>Me es muy grato expresar mediante este mensaje, el compromiso que desde hace poco m\u00e1s de 3 a\u00f1os, nuestra Instituci\u00f3n adquiri\u00f3 con la sociedad, para ofrecer una alta calidad educativa acompa\u00f1ada de una formaci\u00f3n en valores y ofrecerle personas que contribuyan con su capacidad, conocimiento e integridad, al desarrollo pleno de cada \u00e1rea de su entorno.<\/p>\n<p>Este compromiso no podr\u00eda realizarse en su totalidad, sin la participaci\u00f3n activa de cada integrante de nuestra comunidad escolar, la cual est\u00e1 conformada por estudiantes, egresados, padres de familia, personal administrativo y docente as\u00ed como directivos, hace que d\u00eda a d\u00eda con actitud, disciplina, paciencia y trabajo, se alcancen los objetivos planteados.<\/p>\n<p>Todo lo anterior se logra porque tenemos claro el papel que juega cada elemento en nuestra Instituci\u00f3n, y por lo tanto nos esforzamos en que nuestros estudiantes, aprovechen al m\u00e1ximo la experiencia con nosotros, y que \u00e9sta les sirva para vivir en plenitud, teniendo claro lo que desean lograr en su desempe\u00f1o como alumnos y en su vida fuera de nuestras aulas.<\/p>\n<p>Finalmente, enorgullecido y agradecido por el reconocimiento que nuestra Instituci\u00f3n se ha ganado en la sociedad, no me queda m\u00e1s, que reiterar el compromiso de continuar trabajando y mejorando d\u00eda a d\u00eda, para que el \u201cIES-BPG Instituto de Estudios Superiores Benito P\u00e9rez Gald\u00f3s\u201d siga contando con su confianza y preferencia.<\/p>\n","protected":false},"excerpt":{"rendered":"<p>Me es muy grato expresar mediante este mensaje, el compromiso que desde hace poco m\u00e1s de 3 a\u00f1os, nuestra Instituci\u00f3n adquiri\u00f3 con la sociedad, para ofrecer una alta calidad educativa acompa\u00f1ada de una formaci\u00f3n en valores y ofrecerle personas que contribuyan con su capacidad, conocimiento e integridad, al desarrollo pleno de cada \u00e1rea de su entorno.<\/p>\n<p>Este compromiso no podr\u00eda realizarse en su totalidad, sin la participaci\u00f3n activa de cada integrante de nuestra comunidad escolar, la cual est\u00e1 conformada por estudiantes, egresados, padres de familia, personal administrativo y docente as\u00ed como directivos, hace que d\u00eda a d\u00eda con actitud, disciplina, paciencia y trabajo, se alcancen los objetivos planteados.<\/p>\n<p>Todo lo anterior se logra porque tenemos claro el papel que juega cada elemento en nuestra Instituci\u00f3n, y por lo tanto nos esforzamos en que nuestros estudiantes, aprovechen al m\u00e1ximo la experiencia con nosotros, y que \u00e9sta les sirva para vivir en plenitud, teniendo claro lo que desean lograr en su desempe\u00f1o como alumnos y en su vida fuera de nuestras aulas.<\/p>\n","protected":false},"author":1,"featured_media":742,"parent":0,"menu_order":0,"comment_status":"closed","ping_status":"closed","template":"template-gutentor-full-width.php","meta":{"footnotes":""},"_links":{"self":[{"href":"https:\/\/iesbenitoperezgaldos.edu.mx\/web\/wp-json\/wp\/v2\/pages\/144"}],"collection":[{"href":"https:\/\/iesbenitoperezgaldos.edu.mx\/web\/wp-json\/wp\/v2\/pages"}],"about":[{"href":"https:\/\/iesbenitoperezgaldos.edu.mx\/web\/wp-json\/wp\/v2\/types\/page"}],"author":[{"embeddable":true,"href":"https:\/\/iesbenitoperezgaldos.edu.mx\/web\/wp-json\/wp\/v2\/users\/1"}],"replies":[{"embeddable":true,"href":"https:\/\/iesbenitoperezgaldos.edu.mx\/web\/wp-json\/wp\/v2\/comments?post=144"}],"version-history":[{"count":7,"href":"https:\/\/iesbenitoperezgaldos.edu.mx\/web\/wp-json\/wp\/v2\/pages\/144\/revisions"}],"predecessor-version":[{"id":740,"href":"https:\/\/iesbenitoperezgaldos.edu.mx\/web\/wp-json\/wp\/v2\/pages\/144\/revisions\/740"}],"wp:featuredmedia":[{"embeddable":true,"href":"https:\/\/iesbenitoperezgaldos.edu.mx\/web\/wp-json\/wp\/v2\/media\/742"}],"wp:attachment":[{"href":"https:\/\/iesbenitoperezgaldos.edu.mx\/web\/wp-json\/wp\/v2\/media?parent=144"}],"curies":[{"name":"wp","href":"https:\/\/api.w.org\/{rel}","templated":true}]}}