{"id":148,"date":"2016-10-17T13:31:35","date_gmt":"2016-10-17T13:31:35","guid":{"rendered":"http:\/\/www.demo.acmethemes.com\/education-base\/?page_id=23"},"modified":"2022-05-19T17:38:07","modified_gmt":"2022-05-19T17:38:07","slug":"derecho","status":"publish","type":"page","link":"https:\/\/iesbenitoperezgaldos.edu.mx\/web\/oferta-educativa\/derecho\/","title":{"rendered":"Licenciatura en Derecho"},"content":{"rendered":"\n<p><\/p>\n\n\n\n<section id=\"home\" class=\"wp-block-gutentor-m4 section-gmfa34bf2 gutentor-module gutentor-advanced-columns has-color-bg has-custom-bg has-gutentor-block-shape-bottom gutentor-block-shape-bottom-bring-front\"><div class=\"grid-container\"><div class=\"grid-row\">\n<div id=\"col-gmb2902f\" class=\"wp-block-gutentor-m4-col col-gmb2902f gutentor-single-column  grid-lg-5 grid-md-5 grid-12\"><div id=\"section-gmb2902f\" class=\"section-gmb2902f gutentor-col-wrap\">\n<div id=\"section-g5c53cf\" class=\"wp-block-gutentor-e0 section-g5c53cf gutentor-element gutentor-element-advanced-text\"><div class=\"gutentor-text-wrap\"><h2 class=\"gutentor-text\">El plan de Estudios de la Licenciatura en Derecho, est\u00e1 estructurado en tres m\u00f3dulos<\/h2><\/div><\/div>\n<\/div><\/div>\n\n\n\n<div id=\"col-gmbdfe37\" class=\"wp-block-gutentor-m4-col col-gmbdfe37 gutentor-single-column  grid-lg-7 grid-md-7 grid-12\"><div id=\"section-gmbdfe37\" class=\"section-gmbdfe37 gutentor-col-wrap\">\n<div id=\"section-gca566c\" class=\"wp-block-gutentor-e6 section-gca566c gutentor-element gutentor-element-image text-align-right-mobile\"><div class=\"gutentor-element-image-box\"><div class=\"gutentor-image-thumb\"><img decoding=\"async\" class=\"normal-image\" src=\"https:\/\/www.demo.cosmoswp.com\/demo-14\/wp-content\/uploads\/sites\/15\/2019\/12\/student-small.png\"\/><\/div><\/div><\/div>\n<\/div><\/div>\n<\/div><\/div><div class=\"gutentor-block-shape-bottom\"><span><svg width=\"100%\" height=\"250px\" viewBox=\"0 0 1280 140\" preserveAspectRatio=\"none\" xmlns=\"http:\/\/www.w3.org\/2000\/svg\"><path d=\"M1280 0l-266 91.52a72.59 72.59 0 0 1-30.76 3.71L0 0v140h1280z\" fill-opacity=\".5\" style=\"fill-rule:evenodd; transform: rotate(180deg); transform-origin:50% 50%;\"\/><path d=\"M1280 0l-262.1 116.26a73.29 73.29 0 0 1-39.09 6L0 0v140h1280z\" style=\"fill-rule:evenodd; transform: rotate(180deg); transform-origin:50% 50%;\"\/><\/svg><\/span><\/div><\/section>\n\n\n\n<section id=\"gmcbc5202\" class=\"wp-block-gutentor-m0 section-gmcbc5202 gutentor-module gutentor-module-carousel has-color-bg has-custom-bg gutentor-slick-a-default-desktop gutentor-slick-a-default-tablet gutentor-slick-a-default-mobile\"><div class=\"grid-container\"><div class=\"gutentor-module-carousel-row\" data-dots=\"false\" data-dotstablet=\"false\" data-dotsmobile=\"false\" data-arrows=\"true\" data-arrowstablet=\"true\" data-arrowsmobile=\"true\" data-infinite=\"false\" data-autoplay=\"false\" data-draggable=\"true\" data-pauseonfocus=\"true\" data-pauseonhover=\"true\" data-autoplayspeed=\"3000\" data-cmondesktop=\"false\" data-cmontablet=\"false\" data-cmonmobile=\"false\" data-nextarrow=\"fas fa-angle-right\" data-prevarrow=\"fas fa-angle-left\" data-arrowspositiondesktop=\"gutentor-slick-a-default-desktop\" data-arrowspositiontablet=\"gutentor-slick-a-default-tablet\" data-arrowspositionmobile=\"gutentor-slick-a-default-mobile\" data-speed=\"300\" data-slideitemdesktop=\"3\" data-slideitemtablet=\"3\" data-slideitemmobile=\"2\" data-slidescroll-desktop=\"3\" data-slidescroll-tablet=\"3\" data-slidescroll-mobile=\"2\">\n<div id=\"col-gm797238\" class=\"wp-block-gutentor-m0-col col-gm797238 gutentor-carousel-item\"><div id=\"section-gm797238\" class=\"section-gm797238 gutentor-col-wrap\">\n<p style=\"font-size:15px\"><em><strong>M\u00d3DULO UNO: TE\u00d3RICO \u2013 L\u00d3GICO \u2013 METODOL\u00d3GICO<\/strong><\/em><\/p>\n<\/div><\/div>\n\n\n\n<div id=\"col-gmbd9a8f\" class=\"wp-block-gutentor-m0-col col-gmbd9a8f gutentor-carousel-item\"><div id=\"section-gmbd9a8f\" class=\"section-gmbd9a8f gutentor-col-wrap\">\n<p style=\"font-size:15px\"><em><strong>M\u00d3DULO DOS: DIVISI\u00d3N MATERIAL Y DESARROLLO DE HABILIDADES PARA EL LITIGIO<\/strong><\/em><\/p>\n<\/div><\/div>\n\n\n\n<div id=\"col-gmcac40d\" class=\"wp-block-gutentor-m0-col col-gmcac40d gutentor-carousel-item\"><div id=\"section-gmcac40d\" class=\"section-gmcac40d gutentor-col-wrap\">\n<p style=\"font-size:15px\"><em><strong>M\u00d3DULO TRES: DIVISI\u00d3N MATERIAL Y CL\u00cdNICA JUR\u00cdDICA<\/strong><\/em><\/p>\n<\/div><\/div>\n<\/div><\/div><\/section>\n\n\n\n<p><\/p>\n\n\n\n<p class=\"has-medium-font-size\">El estudiante tendr\u00e1 la obligaci\u00f3n de acreditar 42 unidades de ense\u00f1anza aprendizaje (UEA) y un total de 491 cr\u00e9ditos durante toda la licenciatura.<\/p>\n\n\n\n<p class=\"has-medium-font-size\"><strong>Duraci\u00f3n de la UEA<\/strong>: 16 horas mensuales.<\/p>\n\n\n\n<p class=\"has-medium-font-size\">Las actividades efectivas de aprendizaje que llevar\u00e1 a cabo el estudiante son:<\/p>\n\n\n\n<p class=\"has-medium-font-size\">Actividades Presenciales (en su caso) con Conducci\u00f3n de un acad\u00e9mico.<\/p>\n\n\n\n<p class=\"has-medium-font-size\">Actividades en la utilizaci\u00f3n de Plataforma con la interacci\u00f3n de un acad\u00e9mico.<br>III. Trabajo independiente con la acci\u00f3n tutorial de un Profesor.<\/p>\n\n\n\n<p class=\"has-medium-font-size\"><strong>Perfil de ingreso<\/strong><\/p>\n\n\n\n<p class=\"has-medium-font-size\">El estudiante al ingresar a la Licenciatura requiere poseer autodeterminaci\u00f3n, confianza, elevada capacidad de an\u00e1lisis, de interpretaci\u00f3n y de argumentaci\u00f3n, sentido com\u00fan, sentido cr\u00edtico, conciencia social, visi\u00f3n, automotivaci\u00f3n, y elevada capacidad para la toma de decisiones.<br><\/p>\n\n\n\n<p class=\"has-medium-font-size\"><strong>Perfil de egreso<\/strong><\/p>\n\n\n\n<p class=\"has-medium-font-size\">El egresado de la licenciatura habr\u00e1 adquirido cabalmente los siguientes atributos:<\/p>\n\n\n\n<p class=\"has-medium-font-size\">Habr\u00e1 obtenido conocimientos respecto al Derecho y al sistema jur\u00eddico de nuestro pa\u00eds, con la finalidad de ser capaz de litigar por su cuenta en la materia de su preferencia, interpretando correctamente la ley, argumentando y fundamentando debidamente las acciones que haga valer.<\/p>\n\n\n\n<p class=\"has-medium-font-size\">Reconocer\u00e1 las diversas instituciones encargadas de la impartici\u00f3n de justicia en diversas materias en nuestro sistema jur\u00eddico, as\u00ed como su competencia y jerarqu\u00eda.<\/p>\n\n\n\n<p class=\"has-medium-font-size\">Fomentar\u00e1 la \u00e9tica y valores que debe poseer todo profesional, as\u00ed como fomentar la conciencia social para mejorar las condiciones de su entorno.<\/p>\n\n\n\n<p class=\"has-medium-font-size\">Evaluar\u00e1 y seleccionar\u00e1 de forma interdisciplinaria e integral las alternativas id\u00f3neas para la resoluci\u00f3n de conflictos legales en diversas materias.<\/p>\n\n\n\n<p class=\"has-medium-font-size\">Evaluar\u00e1, asesorar\u00e1 e instrumentar\u00e1 elementos imprescindibles del proceso jur\u00eddico para establecer mecanismos de defensa y resoluci\u00f3n de conflictos legales mediante la interpretaci\u00f3n de las leyes y la argumentaci\u00f3n jur\u00eddica.<\/p>\n\n\n\n<p class=\"has-medium-font-size\">Promover\u00e1 la responsabilidad social en materia legal, generando acciones de prevenci\u00f3n y asesor\u00eda para la resoluci\u00f3n de conflictos de \u00edndole legal ante diversas instancias.<\/p>\n\n\n\n<p class=\"has-medium-font-size\">Poseer\u00e1, dentro de sus actitudes, las de vocaci\u00f3n de servicio e investigaci\u00f3n, sentido de responsabilidad profesional y comportamiento \u00e9tico, actitud cr\u00edtica, as\u00ed como respeto, fomento y tolerancia por la libertad y justicia del ser humano.<\/p>\n\n\n\n<p class=\"has-medium-font-size\">Se desempe\u00f1ar\u00e1 con \u00e9tica y alto sentido de responsabilidad en los diversos campos del derecho en el sector p\u00fablico, social y privado, nacional e internacional.<\/p>\n\n\n\n<p class=\"has-medium-font-size\">Contar\u00e1 con capacidades para el desarrollo de argumentos y su expresi\u00f3n en forma oral y escrita, la investigaci\u00f3n y manejo de las metodolog\u00edas propias del conocimiento jur\u00eddico, manejo de las tecnolog\u00edas de la informaci\u00f3n y actualizaci\u00f3n permanente en su \u00e1rea legal.<\/p>\n\n\n\n<p class=\"has-medium-font-size\">Tendr\u00e1 la capacidad de an\u00e1lisis de casos jur\u00eddicos reales, a trav\u00e9s de la investigaci\u00f3n e interpretaci\u00f3n de la jurisprudencia y la normatividad, entre otros enfoques de las que emana el derecho en los diferentes \u00e1mbitos del mismo.<\/p>\n\n\n\n<p class=\"has-medium-font-size\"><\/p>\n\n\n\n<div id=\"section-gbb2f7a\" class=\"wp-block-gutentor-e2 section-gbb2f7a gutentor-element gutentor-element-button button-align-center-desktop\"><span class=\"gutentor-button-wrap\"><a class=\"gutentor-button gutentor-block-button gutentor-icon-hide\" href=\"https:\/\/iesbenitoperezgaldos.edu.mx\/web\/wp-content\/uploads\/2022\/05\/PLAN-DE-ESTUDIOS-DERECHO-2022.pdf\" target=\"_blank\" rel=\"noopener noreferrer\"><i class=\"gutentor-button-icon fas fa-book\"><\/i><span>Plan de Estudios<\/span><\/a><\/span><\/div>\n","protected":false},"excerpt":{"rendered":"<p>El estudiante al ingresar a la Licenciatura requiere poseer autodeterminaci\u00f3n, confianza, elevada capacidad de an\u00e1lisis, de interpretaci\u00f3n y de argumentaci\u00f3n, sentido com\u00fan, sentido cr\u00edtico, conciencia social, visi\u00f3n, automotivaci\u00f3n, y elevada capacidad para la toma de decisiones.<\/p>\n","protected":false},"author":1,"featured_media":0,"parent":154,"menu_order":0,"comment_status":"closed","ping_status":"closed","template":"","meta":{"footnotes":""},"_links":{"self":[{"href":"https:\/\/iesbenitoperezgaldos.edu.mx\/web\/wp-json\/wp\/v2\/pages\/148"}],"collection":[{"href":"https:\/\/iesbenitoperezgaldos.edu.mx\/web\/wp-json\/wp\/v2\/pages"}],"about":[{"href":"https:\/\/iesbenitoperezgaldos.edu.mx\/web\/wp-json\/wp\/v2\/types\/page"}],"author":[{"embeddable":true,"href":"https:\/\/iesbenitoperezgaldos.edu.mx\/web\/wp-json\/wp\/v2\/users\/1"}],"replies":[{"embeddable":true,"href":"https:\/\/iesbenitoperezgaldos.edu.mx\/web\/wp-json\/wp\/v2\/comments?post=148"}],"version-history":[{"count":18,"href":"https:\/\/iesbenitoperezgaldos.edu.mx\/web\/wp-json\/wp\/v2\/pages\/148\/revisions"}],"predecessor-version":[{"id":640,"href":"https:\/\/iesbenitoperezgaldos.edu.mx\/web\/wp-json\/wp\/v2\/pages\/148\/revisions\/640"}],"up":[{"embeddable":true,"href":"https:\/\/iesbenitoperezgaldos.edu.mx\/web\/wp-json\/wp\/v2\/pages\/154"}],"wp:attachment":[{"href":"https:\/\/iesbenitoperezgaldos.edu.mx\/web\/wp-json\/wp\/v2\/media?parent=148"}],"curies":[{"name":"wp","href":"https:\/\/api.w.org\/{rel}","templated":true}]}}