{"id":150,"date":"2016-10-17T13:30:12","date_gmt":"2016-10-17T13:30:12","guid":{"rendered":"http:\/\/www.demo.acmethemes.com\/education-base\/?page_id=21"},"modified":"2022-05-20T13:49:11","modified_gmt":"2022-05-20T13:49:11","slug":"capacitacion-empresarial","status":"publish","type":"page","link":"https:\/\/iesbenitoperezgaldos.edu.mx\/web\/oferta-educativa\/capacitacion-empresarial\/","title":{"rendered":"Capacitaci\u00f3n Empresarial"},"content":{"rendered":"\n<section id=\"gm6f424ed\" class=\"wp-block-gutentor-m5 section-gm6f424ed gutentor-module gutentor-module-slider gutentor-slick-a-default-desktop gutentor-module-caption-enabled\"><div class=\"gutentor-module-slider-row\" data-dots=\"false\" data-dotstablet=\"false\" data-dotsmobile=\"false\" data-nextarrow=\"fas fa-angle-right\" data-prevarrow=\"fas fa-angle-left\" data-arrows=\"true\" data-arrowstablet=\"true\" data-arrowsmobile=\"true\" data-fade=\"false\" data-draggable=\"true\" data-infinite=\"false\" data-autoplay=\"false\" data-pauseonfocus=\"true\" data-pauseonhover=\"true\" data-speed=\"300\" data-autoplayspeed=\"300\" data-arrowspositiondesktop=\"gutentor-slick-a-default-desktop\">\n<div id=\"col-gmccdac1\" class=\"wp-block-gutentor-m5-col col-gmccdac1 gutentor-slider-item\"><div id=\"section-gmccdac1\" class=\"section-gmccdac1 gutentor-col-wrap has-image-bg has-custom-bg has-gutentor-overlay\"><div class=\"gutentor-slider-caption\"><div class=\"grid-container\">\n<section id=\"gmacdf4be\" class=\"wp-block-gutentor-m3 section-gmacdf4be gutentor-module gutentor-container-cover\"><div class=\"grid-container gutentor-rm-ct-space\">\n<section id=\"gm39ce9a6\" class=\"wp-block-gutentor-m4 section-gm39ce9a6 gutentor-module gutentor-advanced-columns\"><div class=\"grid-container gutentor-rm-ct-space\"><div class=\"grid-row\">\n<div id=\"col-gmc502c2\" class=\"wp-block-gutentor-m4-col col-gmc502c2 gutentor-single-column  grid-lg-8 grid-md-12 grid-12\"><div id=\"section-gmc502c2\" class=\"section-gmc502c2 gutentor-col-wrap\">\n<div id=\"section-gcc766c\" class=\"wp-block-gutentor-e1 section-gcc766c gutentor-element gutentor-element-advanced-text\"><div class=\"gutentor-text-wrap\"><h2 class=\"gutentor-text\">Programas de entrenamiento en habilidades digitales<\/h2><\/div><\/div>\n\n\n\n<div id=\"section-geddbe6\" class=\"wp-block-gutentor-e2 section-geddbe6 gutentor-element gutentor-element-button\"><span class=\"gutentor-button-wrap\"><a class=\"gutentor-button gutentor-block-button gutentor-icon-hide\" href=\"https:\/\/iesbenitoperezgaldos.edu.mx\/web\/contacto\/\"><i class=\"gutentor-button-icon fas fa-book\"><\/i><span>Cont\u00e1ctanos <\/span><\/a><\/span><\/div>\n<\/div><\/div>\n\n\n\n<div id=\"col-gm306228\" class=\"wp-block-gutentor-m4-col col-gm306228 gutentor-single-column  grid-lg-4 grid-md-12 grid-12\"><div id=\"section-gm306228\" class=\"section-gm306228 gutentor-col-wrap\"><\/div><\/div>\n<\/div><\/div><\/section>\n<\/div><\/section>\n<\/div><\/div><\/div><\/div>\n<\/div><\/section>\n\n\n\n<section id=\"gm3b4b4b7\" class=\"wp-block-gutentor-m3 section-gm3b4b4b7 gutentor-module gutentor-container-cover\"><div class=\"grid-container\">\n<div id=\"section-g7192a7\" class=\"wp-block-gutentor-e1 section-g7192a7 gutentor-element gutentor-element-advanced-text gutentor-adv-text-enabled-width text-align-center-mobile adv-text-c-desktop\"><div class=\"gutentor-text-wrap\"><h2 class=\"gutentor-text\">dirigido por expertos que trabajan en las empresas m\u00e1s innovadoras del mundo. Descubre nuestras soluciones y c\u00f3mo podemos ayudar a transformar a los equipos de tu empresa.<\/h2><\/div><\/div>\n<\/div><\/section>\n\n\n\n<section id=\"gmab1d60b\" class=\"wp-block-gutentor-m3 section-gmab1d60b gutentor-module gutentor-container-cover g-pos-r-desktop g-pos-r-tablet g-pos-d-mobile g-pos-custom-desktop g-pos-custom-tablet\"><div class=\"grid-container\">\n<section id=\"gme593a37\" class=\"wp-block-gutentor-m4 section-gme593a37 gutentor-module gutentor-advanced-columns has-color-bg has-custom-bg\"><div class=\"grid-container gutentor-rm-ct-space\"><div class=\"grid-row\">\n<div id=\"col-gm0eb77f\" class=\"wp-block-gutentor-m4-col col-gm0eb77f gutentor-single-column  grid-lg-4 grid-md-4 grid-12\"><div id=\"section-gm0eb77f\" class=\"section-gm0eb77f gutentor-col-wrap\">\n<div id=\"section-ge2f7e5\" class=\"wp-block-gutentor-e5 section-ge2f7e5 gutentor-element gutentor-element-icon gutentor-icon-default text-align-center-mobile\"><div class=\"gutentor-element-icon-box\"><i class=\"fas fa-shield-alt\"><\/i><\/div><\/div>\n<\/div><\/div>\n\n\n\n<div id=\"col-gm6cc58b\" class=\"wp-block-gutentor-m4-col col-gm6cc58b gutentor-single-column  grid-lg-4 grid-md-4 grid-12\"><div id=\"section-gm6cc58b\" class=\"section-gm6cc58b gutentor-col-wrap\">\n<div id=\"section-gb479fc\" class=\"wp-block-gutentor-e0 section-gb479fc gutentor-element gutentor-element-advanced-text text-align-left-tablet text-align-center-mobile\"><div class=\"gutentor-text-wrap\"><h4 class=\"gutentor-text\">El futuro de tu empresa depende del desarrollo de habilidades digitales<\/h4><\/div><\/div>\n<\/div><\/div>\n\n\n\n<div id=\"col-gma719e7\" class=\"wp-block-gutentor-m4-col col-gma719e7 gutentor-single-column  grid-lg-4 grid-md-4 grid-12\"><div id=\"section-gma719e7\" class=\"section-gma719e7 gutentor-col-wrap\">\n<div id=\"section-gb07406\" class=\"wp-block-gutentor-e2 section-gb07406 gutentor-element gutentor-element-button gutentor-btn-full-desktop gutentor-btn-full-tablet gutentor-btn-full-mobile\"><span class=\"gutentor-button-wrap\"><a class=\"gutentor-button gutentor-block-button gutentor-icon-hide\" href=\"https:\/\/iesbenitoperezgaldos.edu.mx\/web\/contacto\/\"><i class=\"gutentor-button-icon fas fa-book\"><\/i><span>Iniciar<\/span><\/a><\/span><\/div>\n<\/div><\/div>\n<\/div><\/div><\/section>\n<\/div><\/section>\n\n\n\n<section id=\"gm98acc9c\" class=\"wp-block-gutentor-m0 section-gm98acc9c gutentor-module gutentor-module-carousel\"><div class=\"grid-container\"><div class=\"gutentor-module-carousel-row\" data-dots=\"false\" data-dotstablet=\"false\" data-dotsmobile=\"false\" data-arrows=\"false\" data-arrowstablet=\"false\" data-arrowsmobile=\"false\" data-infinite=\"false\" data-autoplay=\"false\" data-draggable=\"false\" data-pauseonfocus=\"true\" data-pauseonhover=\"true\" data-autoplayspeed=\"3000\" data-cmondesktop=\"false\" data-cmontablet=\"false\" data-cmonmobile=\"false\" data-nextarrow=\"fas fa-angle-right\" data-prevarrow=\"fas fa-angle-left\" data-arrowspositiondesktop=\"gutentor-slick-a-default-desktop\" data-arrowspositiontablet=\"gutentor-slick-a-default-tablet\" data-arrowspositionmobile=\"gutentor-slick-a-default-mobile\" data-speed=\"300\" data-slideitemdesktop=\"1\" data-slideitemtablet=\"1\" data-slideitemmobile=\"1\" data-slidescroll-desktop=\"1\" data-slidescroll-tablet=\"1\" data-slidescroll-mobile=\"1\">\n<div id=\"col-gmcb5e6d\" class=\"wp-block-gutentor-m0-col col-gmcb5e6d gutentor-carousel-item\"><div id=\"section-gmcb5e6d\" class=\"section-gmcb5e6d gutentor-col-wrap\">\n<section id=\"gmdb810ea\" class=\"wp-block-gutentor-m4 section-gmdb810ea gutentor-module gutentor-advanced-columns\"><div class=\"grid-container\"><div class=\"grid-row\">\n<div id=\"col-gm67167a\" class=\"wp-block-gutentor-m4-col col-gm67167a gutentor-single-column  grid-lg-3 grid-md-3 grid-12\"><div id=\"section-gm67167a\" class=\"section-gm67167a gutentor-col-wrap\">\n<div id=\"section-gd81741\" class=\"wp-block-gutentor-e6 section-gd81741 gutentor-element gutentor-element-image\"><div class=\"gutentor-element-image-box\"><div class=\"gutentor-image-thumb\"><img decoding=\"async\" class=\"normal-image\" src=\"https:\/\/iesbenitoperezgaldos.edu.mx\/web\/wp-content\/uploads\/2022\/05\/online.jpg\"\/><\/div><\/div><\/div>\n<\/div><\/div>\n\n\n\n<div id=\"col-gmbd0237\" class=\"wp-block-gutentor-m4-col col-gmbd0237 gutentor-single-column  grid-lg-9 grid-md-9 grid-12\"><div id=\"section-gmbd0237\" class=\"section-gmbd0237 gutentor-col-wrap\">\n<div id=\"section-g3f301e\" class=\"wp-block-gutentor-e0 section-g3f301e gutentor-element gutentor-element-advanced-text\"><div class=\"gutentor-text-wrap\"><p class=\"gutentor-text\">La era digital ha obligado a las empresas a ser m\u00e1s centradas en el cliente, digitales, \u00e1giles, y basadas en datos. Para lograrlo, deben contar con equipos con habilidades y mindsets digitales que les permita entregar resultados de negocios.<br>Dentro de cualquier negocio, la capacitaci\u00f3n empresarial juega un papel muy importante, ya que te permite mantener actualizado a tu equipo, tener nuevas ideas y te otorga cierta ventaja con respecto de la competencia.<br>La capacitaci\u00f3n hace referencia a todos aquellos conocimientos tanto te\u00f3ricos como pr\u00e1cticos que ayudan a mejorar el desempe\u00f1o de un colaborador o un equipo de trabajo dentro de una organizaci\u00f3n.<br>Por ello, en los \u00faltimos a\u00f1os, las empresas han destinado m\u00e1s ingresos para llevar a cabo capacitaciones. Antes pod\u00eda verse como un gasto innecesario, pero ahora representa una inversi\u00f3n, ya que se obtienen mejores resultados y beneficios no s\u00f3lo econ\u00f3micos, sino de calidad y productividad.<br><\/p><\/div><\/div>\n<\/div><\/div>\n<\/div><\/div><\/section>\n<\/div><\/div>\n<\/div><\/div><\/section>\n","protected":false},"excerpt":{"rendered":"<p>Programas de entrenamiento en habilidades digitales, dirigido por expertos que trabajan en las empresas m\u00e1s innovadoras del mundo. Descubre nuestras soluciones y c\u00f3mo podemos ayudar a transformar a los equipos de tu empresa.<\/p>\n","protected":false},"author":1,"featured_media":0,"parent":154,"menu_order":0,"comment_status":"closed","ping_status":"closed","template":"","meta":{"footnotes":""},"_links":{"self":[{"href":"https:\/\/iesbenitoperezgaldos.edu.mx\/web\/wp-json\/wp\/v2\/pages\/150"}],"collection":[{"href":"https:\/\/iesbenitoperezgaldos.edu.mx\/web\/wp-json\/wp\/v2\/pages"}],"about":[{"href":"https:\/\/iesbenitoperezgaldos.edu.mx\/web\/wp-json\/wp\/v2\/types\/page"}],"author":[{"embeddable":true,"href":"https:\/\/iesbenitoperezgaldos.edu.mx\/web\/wp-json\/wp\/v2\/users\/1"}],"replies":[{"embeddable":true,"href":"https:\/\/iesbenitoperezgaldos.edu.mx\/web\/wp-json\/wp\/v2\/comments?post=150"}],"version-history":[{"count":9,"href":"https:\/\/iesbenitoperezgaldos.edu.mx\/web\/wp-json\/wp\/v2\/pages\/150\/revisions"}],"predecessor-version":[{"id":693,"href":"https:\/\/iesbenitoperezgaldos.edu.mx\/web\/wp-json\/wp\/v2\/pages\/150\/revisions\/693"}],"up":[{"embeddable":true,"href":"https:\/\/iesbenitoperezgaldos.edu.mx\/web\/wp-json\/wp\/v2\/pages\/154"}],"wp:attachment":[{"href":"https:\/\/iesbenitoperezgaldos.edu.mx\/web\/wp-json\/wp\/v2\/media?parent=150"}],"curies":[{"name":"wp","href":"https:\/\/api.w.org\/{rel}","templated":true}]}}