{"id":162,"date":"2016-10-17T08:00:17","date_gmt":"2016-10-17T08:00:17","guid":{"rendered":"http:\/\/www.demo.acmethemes.com\/education-base\/?page_id=7"},"modified":"2022-05-19T18:05:04","modified_gmt":"2022-05-19T18:05:04","slug":"elearning","status":"publish","type":"page","link":"https:\/\/iesbenitoperezgaldos.edu.mx\/web\/courses\/elearning\/","title":{"rendered":"Educaci\u00f3n en l\u00ednea"},"content":{"rendered":"\n<section id=\"section-3c79a78a-1d83-4095-a6c7-40668776cd5f\" class=\"wp-block-gutentor-image-slider gutentor-section gutentor-image-slider imageSlider-template1 has-gutentor-overlay\"><div class=\"gutentor-grid-item-wrap\"><div class=\"gutentor-slider-wrapper\" data-dots=\"false\" data-arrows=\"false\" data-infinite=\"false\" data-nextarrow=\"fas fa-angle-right\" data-prevarrow=\"fas fa-angle-left\" data-autoplay=\"true\" data-autoplayspeed=\"7000\" data-fade=\"false\" data-speed=\"900\"><div class=\"gutentor-slider-item\"><div class=\"gutentor-single-item gutentor-single-item-0\"><div class=\"gutentor-single-item-wrap\"><div class=\"gutentor-single-item-image-box\"><div class=\"gutentor-bg-image\"><div class=\"overlay\"><\/div><\/div><\/div><div class=\"gutentor-single-item-content\"><div class=\"grid-container\"><div class=\"slider-caption text-center\"><h3 class=\"gutentor-single-item-title\"><strong><strong>Estudiar en l\u00ednea<\/strong>\u00a0<\/strong><\/h3><\/div><\/div><\/div><\/div><\/div><\/div><\/div><\/div><\/section>\n\n\n\n<section id=\"section-e3f65e68-f3df-4474-ac1d-d946c20c6010\" class=\"wp-block-gutentor-featured-block gutentor-section gutentor-featured-block featured-template3 has-color-bg has-custom-bg\"><div class=\"grid-container\"><div class=\"gutentor-grid-item-wrap\"><div class=\"gutentor-single-item\"><div class=\"featured-content-row\"><div class=\"gutentor-single-item-content\"><div class=\"gutentor-featured-content\"><p class=\"gutentor-single-item-desc\">Es cada vez m\u00e1s com\u00fan e instituciones de gran renombre se han unido a la modalidad virtual y en IES-BPG es una de ellas, no olvides que siempre puedes seguirnos en redes sociales para mantenerte actualizado sobre la oferta acad\u00e9mica en M\u00e9xico en esta modalidad de estudios.<br>La era digital ha obligado a las empresas a ser m\u00e1s centradas en el cliente, digitales, \u00e1giles, y basadas en datos. Para lograrlo, deben contar con equipos con habilidades y mindsets digitales que les permita entregar resultados de negocios.<br>Nuestro sistema es una plataforma de aprendizaje dise\u00f1ada para proporcionarle a educadores, administradores y estudiantes un sistema integrado \u00fanico, robusto y seguro para crear ambientes de aprendizaje personalizados.<br><\/p><a class=\"gutentor-button gutentor-single-item-button gutentor-icon-hide\" href=\"https:\/\/iesbenitoperezgaldos.edu.mx\/web\/contacto\/\"><i class=\"gutentor-button-icon fas fa-book\"><\/i><span>M\u00e1s Informaci\u00f3n<\/span><\/a><\/div><\/div><div class=\"gutentor-single-item-image-box\"><div class=\"gutentor-image-thumb\"><img decoding=\"async\" class=\"normal-image\" src=\"https:\/\/www.demo.gutentor.com\/wp-content\/uploads\/2019\/08\/banner-laptop.png\" alt=\"\"\/><\/div><\/div><\/div><\/div><\/div><\/div><\/section>\n","protected":false},"excerpt":{"rendered":"<p>Nuestro sistema es una plataforma de aprendizaje dise\u00f1ada para proporcionarle a educadores, administradores y estudiantes un sistema integrado \u00fanico, robusto y seguro para crear ambientes de aprendizaje personalizados. <\/p>\n","protected":false},"author":1,"featured_media":0,"parent":164,"menu_order":0,"comment_status":"closed","ping_status":"closed","template":"","meta":{"footnotes":""},"_links":{"self":[{"href":"https:\/\/iesbenitoperezgaldos.edu.mx\/web\/wp-json\/wp\/v2\/pages\/162"}],"collection":[{"href":"https:\/\/iesbenitoperezgaldos.edu.mx\/web\/wp-json\/wp\/v2\/pages"}],"about":[{"href":"https:\/\/iesbenitoperezgaldos.edu.mx\/web\/wp-json\/wp\/v2\/types\/page"}],"author":[{"embeddable":true,"href":"https:\/\/iesbenitoperezgaldos.edu.mx\/web\/wp-json\/wp\/v2\/users\/1"}],"replies":[{"embeddable":true,"href":"https:\/\/iesbenitoperezgaldos.edu.mx\/web\/wp-json\/wp\/v2\/comments?post=162"}],"version-history":[{"count":14,"href":"https:\/\/iesbenitoperezgaldos.edu.mx\/web\/wp-json\/wp\/v2\/pages\/162\/revisions"}],"predecessor-version":[{"id":660,"href":"https:\/\/iesbenitoperezgaldos.edu.mx\/web\/wp-json\/wp\/v2\/pages\/162\/revisions\/660"}],"up":[{"embeddable":true,"href":"https:\/\/iesbenitoperezgaldos.edu.mx\/web\/wp-json\/wp\/v2\/pages\/164"}],"wp:attachment":[{"href":"https:\/\/iesbenitoperezgaldos.edu.mx\/web\/wp-json\/wp\/v2\/media?parent=162"}],"curies":[{"name":"wp","href":"https:\/\/api.w.org\/{rel}","templated":true}]}}