{"id":64,"date":"2017-03-06T06:14:23","date_gmt":"2017-03-06T06:14:23","guid":{"rendered":"http:\/\/demo.acmethemes.com\/education-base-pro\/?page_id=397"},"modified":"2021-11-04T22:42:00","modified_gmt":"2021-11-04T22:42:00","slug":"mision","status":"publish","type":"page","link":"https:\/\/iesbenitoperezgaldos.edu.mx\/web\/nosotros\/mision\/","title":{"rendered":"Misi\u00f3n"},"content":{"rendered":"\n<blockquote class=\"wp-block-quote is-layout-flow wp-block-quote-is-layout-flow\"><p>Tenemos la misi\u00f3n de proporcionar las herramientas actuales, precisas e id\u00f3neas para llevar a cabo la formaci\u00f3n y el desarrollo de profesionales en las diversas \u00e1reas del conocimiento administrativo, contable, fiscal, financiero, jur\u00eddico, econ\u00f3mico y psicol\u00f3gico, a trav\u00e9s de la implementaci\u00f3n y ejecuci\u00f3n de planes acad\u00e9micos de estudios de licenciatura y posgrado, as\u00ed como otros medios educativos, con el fin de que en su desempe\u00f1o profesional el egresado interact\u00fae como agente de superaci\u00f3n continua y desarrollo en cualquier organizaci\u00f3n dentro de su realidad en la sociedad mexicana en el mundo.<\/p><\/blockquote>\n","protected":false},"excerpt":{"rendered":"<p>Tenemos la misi\u00f3n de proporcionar las herramientas actuales, precisas e id\u00f3neas para llevar a cabo la formaci\u00f3n y el desarrollo de profesionales en las diversas \u00e1reas del conocimiento administrativo, contable, fiscal, financiero, jur\u00eddico, econ\u00f3mico y psicol\u00f3gico, a trav\u00e9s de la implementaci\u00f3n y ejecuci\u00f3n de planes acad\u00e9micos de estudios de licenciatura y posgrado, as\u00ed como otros&hellip;<\/p>\n","protected":false},"author":1,"featured_media":0,"parent":76,"menu_order":0,"comment_status":"closed","ping_status":"closed","template":"","meta":{"footnotes":""},"_links":{"self":[{"href":"https:\/\/iesbenitoperezgaldos.edu.mx\/web\/wp-json\/wp\/v2\/pages\/64"}],"collection":[{"href":"https:\/\/iesbenitoperezgaldos.edu.mx\/web\/wp-json\/wp\/v2\/pages"}],"about":[{"href":"https:\/\/iesbenitoperezgaldos.edu.mx\/web\/wp-json\/wp\/v2\/types\/page"}],"author":[{"embeddable":true,"href":"https:\/\/iesbenitoperezgaldos.edu.mx\/web\/wp-json\/wp\/v2\/users\/1"}],"replies":[{"embeddable":true,"href":"https:\/\/iesbenitoperezgaldos.edu.mx\/web\/wp-json\/wp\/v2\/comments?post=64"}],"version-history":[{"count":2,"href":"https:\/\/iesbenitoperezgaldos.edu.mx\/web\/wp-json\/wp\/v2\/pages\/64\/revisions"}],"predecessor-version":[{"id":256,"href":"https:\/\/iesbenitoperezgaldos.edu.mx\/web\/wp-json\/wp\/v2\/pages\/64\/revisions\/256"}],"up":[{"embeddable":true,"href":"https:\/\/iesbenitoperezgaldos.edu.mx\/web\/wp-json\/wp\/v2\/pages\/76"}],"wp:attachment":[{"href":"https:\/\/iesbenitoperezgaldos.edu.mx\/web\/wp-json\/wp\/v2\/media?parent=64"}],"curies":[{"name":"wp","href":"https:\/\/api.w.org\/{rel}","templated":true}]}}