{"id":66,"date":"2017-03-06T06:00:44","date_gmt":"2017-03-06T06:00:44","guid":{"rendered":"http:\/\/demo.acmethemes.com\/education-base-pro\/?page_id=396"},"modified":"2021-11-04T22:43:31","modified_gmt":"2021-11-04T22:43:31","slug":"filosofia","status":"publish","type":"page","link":"https:\/\/iesbenitoperezgaldos.edu.mx\/web\/nosotros\/filosofia\/","title":{"rendered":"Filosof\u00eda"},"content":{"rendered":"<p>Nuestra instituci\u00f3n proporciona un exclusivo modelo educativo, innovador de transformaci\u00f3n a nuestros estudiantes, con el cual se crea una amplia diversidad de alternativas competitivas para cada uno de nuestros egresados.<\/p>\n","protected":false},"excerpt":{"rendered":"<p>Nuestra instituci\u00f3n proporciona un exclusivo modelo educativo, innovador de transformaci\u00f3n a nuestros estudiantes, con el cual se crea una amplia diversidad de alternativas competitivas para cada uno de nuestros egresados.<\/p>\n","protected":false},"author":1,"featured_media":0,"parent":76,"menu_order":0,"comment_status":"closed","ping_status":"closed","template":"","meta":{"footnotes":""},"_links":{"self":[{"href":"https:\/\/iesbenitoperezgaldos.edu.mx\/web\/wp-json\/wp\/v2\/pages\/66"}],"collection":[{"href":"https:\/\/iesbenitoperezgaldos.edu.mx\/web\/wp-json\/wp\/v2\/pages"}],"about":[{"href":"https:\/\/iesbenitoperezgaldos.edu.mx\/web\/wp-json\/wp\/v2\/types\/page"}],"author":[{"embeddable":true,"href":"https:\/\/iesbenitoperezgaldos.edu.mx\/web\/wp-json\/wp\/v2\/users\/1"}],"replies":[{"embeddable":true,"href":"https:\/\/iesbenitoperezgaldos.edu.mx\/web\/wp-json\/wp\/v2\/comments?post=66"}],"version-history":[{"count":3,"href":"https:\/\/iesbenitoperezgaldos.edu.mx\/web\/wp-json\/wp\/v2\/pages\/66\/revisions"}],"predecessor-version":[{"id":269,"href":"https:\/\/iesbenitoperezgaldos.edu.mx\/web\/wp-json\/wp\/v2\/pages\/66\/revisions\/269"}],"up":[{"embeddable":true,"href":"https:\/\/iesbenitoperezgaldos.edu.mx\/web\/wp-json\/wp\/v2\/pages\/76"}],"wp:attachment":[{"href":"https:\/\/iesbenitoperezgaldos.edu.mx\/web\/wp-json\/wp\/v2\/media?parent=66"}],"curies":[{"name":"wp","href":"https:\/\/api.w.org\/{rel}","templated":true}]}}