{"id":76,"date":"2017-02-27T11:24:14","date_gmt":"2017-02-27T11:24:14","guid":{"rendered":"http:\/\/demo.acmethemes.com\/education-base-pro\/?page_id=338"},"modified":"2023-02-17T22:58:57","modified_gmt":"2023-02-17T22:58:57","slug":"nosotros","status":"publish","type":"page","link":"https:\/\/iesbenitoperezgaldos.edu.mx\/web\/nosotros\/","title":{"rendered":"Nosotros"},"content":{"rendered":"\n<section id=\"section-65524b54-444e-453c-b703-45e6c385575c\" class=\"wp-block-gutentor-image-slider gutentor-section gutentor-image-slider imageSlider-template1\"><div class=\"gutentor-grid-item-wrap\"><div class=\"gutentor-slider-wrapper\" data-dots=\"false\" data-arrows=\"false\" data-infinite=\"false\" data-nextarrow=\"fas fa-angle-right\" data-prevarrow=\"fas fa-angle-left\" data-autoplay=\"true\" data-autoplayspeed=\"7000\" data-fade=\"false\" data-speed=\"900\"><div class=\"gutentor-slider-item\"><div class=\"gutentor-single-item gutentor-single-item-0\"><div class=\"gutentor-single-item-wrap\"><div class=\"gutentor-single-item-image-box\"><div class=\"gutentor-bg-image\"><\/div><\/div><div class=\"gutentor-single-item-content\"><div class=\"grid-container\"><div class=\"slider-caption text-center\"><h3 class=\"gutentor-single-item-title\">Nosotros<\/h3><p class=\"gutentor-single-item-desc\">Ofrecemos un plan de vida que permita descubrir y explorar positivamente el potencial de cada persona, que le ayude a encontrar su camino y darle sentido a su vida realizando su profesi\u00f3n.<\/p><a class=\"gutentor-button gutentor-single-item-button gutentor-icon-hide\" href=\"https:\/\/iesbenitoperezgaldos.edu.mx\/web\/contacto\/\"><i class=\"gutentor-button-icon fas fa-book\"><\/i><span>M\u00e1s Informaci\u00f3n<\/span><\/a><\/div><\/div><\/div><\/div><\/div><\/div><\/div><\/div><\/section>\n\n\n\n<section id=\"section-c51b8e48-27d2-457c-af69-1794cf512d6b\" class=\"wp-block-gutentor-accordion gutentor-section gutentor-accordion-wrapper accordion-template1 has-color-bg has-custom-bg\"><div class=\"grid-container\"><div class=\"grid-row gutentor-grid-item-wrap\"><div class=\"grid-md-12\"><div class=\"gutentor-accordion-wrap\"><div class=\"gutentor-single-item gutentor-single-item-0\"><div class=\"gutentor-single-item-wrap\"><div class=\"gutentor-accordion-heading\"><i class=\"gutentor-accordion-icon open-icon fas fa-plus\"><\/i><i class=\"gutentor-accordion-icon close-icon fas fa-minus\"><\/i><h3 class=\"gutentor-single-item-title\">Misi\u00f3n<\/h3><\/div><div class=\"gutentor-accordion-body\"><p class=\"gutentor-single-item-desc\">El instituto de Estudios Superiores Benito P\u00e9rez Gald\u00f3s tiene comTenemos la misi\u00f3n de proporcionar las herramientas actuales, precisas e id\u00f3neas para llevar a cabo la formaci\u00f3n y el desarrollo de profesionales en las diversas \u00e1reas del conocimiento administrativo, contable, fiscal, financiero, jur\u00eddico, econ\u00f3mico y psicol\u00f3gico, a trav\u00e9s de la implementaci\u00f3n y ejecuci\u00f3n de planes acad\u00e9micos de estudios de licenciatura y posgrado, as\u00ed como otros medios educativos, con el fin de que en su desempe\u00f1o profesional el egresado interact\u00fae como agente de superaci\u00f3n continua y desarrollo en cualquier organizaci\u00f3n dentro de su realidad en la sociedad mexicana en el mundo.<\/p><\/div><\/div><\/div><\/div><div class=\"gutentor-accordion-wrap\"><div class=\"gutentor-single-item gutentor-single-item-1\"><div class=\"gutentor-single-item-wrap\"><div class=\"gutentor-accordion-heading\"><i class=\"gutentor-accordion-icon open-icon fas fa-plus\"><\/i><i class=\"gutentor-accordion-icon close-icon fas fa-minus\"><\/i><h3 class=\"gutentor-single-item-title\">Visi\u00f3n<\/h3><\/div><div class=\"gutentor-accordion-body\"><p class=\"gutentor-single-item-desc\">El instituto de Estudios Superiores Benito P\u00e9rez Gald\u00f3s tiene como visi\u00f3n lograr plenamente su consolidaci\u00f3n como una instituci\u00f3n vanguardista en el desarrollo de personas profesionales en las diversas \u00e1reas del conocimiento administrativo, contable, fiscal, financiero, jur\u00eddico, econ\u00f3mico y psicol\u00f3gico.<\/p><\/div><\/div><\/div><\/div><div class=\"gutentor-accordion-wrap\"><div class=\"gutentor-single-item gutentor-single-item-2\"><div class=\"gutentor-single-item-wrap\"><div class=\"gutentor-accordion-heading\"><i class=\"gutentor-accordion-icon open-icon fas fa-plus\"><\/i><i class=\"gutentor-accordion-icon close-icon fas fa-minus\"><\/i><h3 class=\"gutentor-single-item-title\">Filosof\u00eda<\/h3><\/div><div class=\"gutentor-accordion-body\"><p class=\"gutentor-single-item-desc\">El instituto de Estudios Superiores Benito P\u00e9rez Gald\u00f3s tiene comTenemos la misi\u00f3n de proporcionar las herramientas actuales, precisas e id\u00f3neas para llevar a cabo la formaci\u00f3n y el desarrollo de profesionales en las diversas \u00e1reas del conocimiento administrativo, contable, fiscal, financiero, jur\u00eddico, econ\u00f3mico y psicol\u00f3gico, a trav\u00e9s de la implementaci\u00f3n y ejecuci\u00f3n de planes acad\u00e9micos de estudios de licenciatura y posgrado, as\u00ed como otros medios educativos, con el fin de que en su desempe\u00f1o profesional el egresado interact\u00fae como agente de superaci\u00f3n continua y desarrollo en cualquier organizaci\u00f3n dentro de su realidad en la sociedad mexicana en el mundo.<\/p><\/div><\/div><\/div><\/div><\/div><\/div><\/div><\/section>\n\n\n\n<div class=\"wp-block-contact-form-7-contact-form-selector\">[contact-form-7 id=\u00bb5&#8243; title=\u00bbFormulario de contacto 1&#8243;]<\/div>\n\n\n","protected":false},"excerpt":{"rendered":"","protected":false},"author":1,"featured_media":0,"parent":0,"menu_order":0,"comment_status":"closed","ping_status":"closed","template":"","meta":{"footnotes":""},"_links":{"self":[{"href":"https:\/\/iesbenitoperezgaldos.edu.mx\/web\/wp-json\/wp\/v2\/pages\/76"}],"collection":[{"href":"https:\/\/iesbenitoperezgaldos.edu.mx\/web\/wp-json\/wp\/v2\/pages"}],"about":[{"href":"https:\/\/iesbenitoperezgaldos.edu.mx\/web\/wp-json\/wp\/v2\/types\/page"}],"author":[{"embeddable":true,"href":"https:\/\/iesbenitoperezgaldos.edu.mx\/web\/wp-json\/wp\/v2\/users\/1"}],"replies":[{"embeddable":true,"href":"https:\/\/iesbenitoperezgaldos.edu.mx\/web\/wp-json\/wp\/v2\/comments?post=76"}],"version-history":[{"count":51,"href":"https:\/\/iesbenitoperezgaldos.edu.mx\/web\/wp-json\/wp\/v2\/pages\/76\/revisions"}],"predecessor-version":[{"id":739,"href":"https:\/\/iesbenitoperezgaldos.edu.mx\/web\/wp-json\/wp\/v2\/pages\/76\/revisions\/739"}],"wp:attachment":[{"href":"https:\/\/iesbenitoperezgaldos.edu.mx\/web\/wp-json\/wp\/v2\/media?parent=76"}],"curies":[{"name":"wp","href":"https:\/\/api.w.org\/{rel}","templated":true}]}}